{"id":391,"date":"2025-11-14T16:57:24","date_gmt":"2025-11-14T16:57:24","guid":{"rendered":"https:\/\/www.crazytime.at\/?page_id=391"},"modified":"2025-11-14T16:57:24","modified_gmt":"2025-11-14T16:57:24","slug":"mitgliedschaft","status":"publish","type":"page","link":"https:\/\/www.crazytime.at\/?page_id=391","title":{"rendered":"Mitgliedschaft"},"content":{"rendered":"\n<div class=\"wp-block-columns is-layout-flex wp-container-core-columns-is-layout-9d6595d7 wp-block-columns-is-layout-flex\">\n<div class=\"wp-block-column is-layout-flow wp-block-column-is-layout-flow\" style=\"flex-basis:33.33%\"><div class=\"wp-block-image\">\n<figure class=\"aligncenter size-large is-resized\"><img loading=\"lazy\" decoding=\"async\" width=\"770\" height=\"1024\" src=\"https:\/\/www.crazytime.at\/wp-content\/uploads\/2025\/11\/Uncle-Sam-770x1024.png\" alt=\"\" class=\"wp-image-393\" style=\"width:341px;height:auto\" srcset=\"https:\/\/www.crazytime.at\/wp-content\/uploads\/2025\/11\/Uncle-Sam-770x1024.png 770w, https:\/\/www.crazytime.at\/wp-content\/uploads\/2025\/11\/Uncle-Sam-226x300.png 226w, https:\/\/www.crazytime.at\/wp-content\/uploads\/2025\/11\/Uncle-Sam-768x1021.png 768w, https:\/\/www.crazytime.at\/wp-content\/uploads\/2025\/11\/Uncle-Sam.png 1005w\" sizes=\"auto, (max-width: 770px) 100vw, 770px\" \/><\/figure>\n<\/div><\/div>\n\n\n\n<div class=\"wp-block-column is-layout-flow wp-block-column-is-layout-flow\" style=\"flex-basis:66.66%\">\n<p class=\"has-text-color has-link-color has-medium-font-size wp-elements-fa902b6c2ffb89841c711774650b4474\" style=\"color:#ec742f\"><strong>WE WANT YOU FOR OUR TEAM<\/strong><\/p>\n\n\n\n<p class=\"has-theme-palette-9-color has-text-color has-link-color wp-elements-7265c4ff20613ea9c33e5a396bec6d05\"><strong>Werde Teil unseres Dartvereins!<\/strong><\/p>\n\n\n\n<p class=\"has-theme-palette-9-color has-text-color has-link-color has-small-font-size wp-elements-bf34a67378c16dea4b6ca5f618244ad6\">Du liebst Pr\u00e4zision, Geselligkeit und spannende Matches?<br>Dann bist du bei uns genau richtig!<\/p>\n\n\n\n<p class=\"has-theme-palette-9-color has-text-color has-link-color has-small-font-size wp-elements-df861ac87225adf5dea28fbe32c39c20\">Was dich bei uns erwartet:<br>\u2714 Freundliche Gemeinschaft<br>\u2714 Regelm\u00e4\u00dfige Trainings &amp; Ligaspiele<br>\u2714 Moderne Ausstattung<br>\u2714 Spa\u00df garantiert!<\/p>\n\n\n\n<p class=\"has-theme-palette-9-color has-text-color has-link-color has-small-font-size wp-elements-3dd6f82c842dd0e2cb61816e5524e710\">Egal ob du gerade erst anf\u00e4ngst oder schon jahrelang spielst \u2013<br>komm vorbei und wirf mit uns ein paar Pfeile!<\/p>\n\n\n\n<p class=\"has-theme-palette-9-color has-text-color has-link-color has-small-font-size wp-elements-119fe5c883a9555b08cec9f02b785f1b\"><strong>Wir w\u00fcrden uns freuen dich bei uns begr\u00fc\u00dfen zu d\u00fcrfen!!!<\/strong><\/p>\n<\/div>\n<\/div>\n\n\n\n<p><\/p>\n","protected":false},"excerpt":{"rendered":"<p>WE WANT YOU FOR OUR TEAM Werde Teil unseres Dartvereins! Du liebst Pr\u00e4zision, Geselligkeit und spannende Matches?Dann bist du bei uns genau richtig! Was dich bei uns erwartet:\u2714 Freundliche Gemeinschaft\u2714 Regelm\u00e4\u00dfige Trainings &amp; Ligaspiele\u2714 Moderne Ausstattung\u2714 Spa\u00df garantiert! Egal ob du gerade erst anf\u00e4ngst oder schon jahrelang spielst \u2013komm vorbei und wirf mit uns ein&#8230;<\/p>\n","protected":false},"author":3,"featured_media":0,"parent":0,"menu_order":0,"comment_status":"closed","ping_status":"closed","template":"","meta":{"_kad_post_transparent":"","_kad_post_title":"","_kad_post_layout":"","_kad_post_sidebar_id":"","_kad_post_content_style":"","_kad_post_vertical_padding":"","_kad_post_feature":"","_kad_post_feature_position":"","_kad_post_header":false,"_kad_post_footer":false,"_kad_post_classname":"","footnotes":""},"class_list":["post-391","page","type-page","status-publish","hentry"],"_links":{"self":[{"href":"https:\/\/www.crazytime.at\/index.php?rest_route=\/wp\/v2\/pages\/391","targetHints":{"allow":["GET"]}}],"collection":[{"href":"https:\/\/www.crazytime.at\/index.php?rest_route=\/wp\/v2\/pages"}],"about":[{"href":"https:\/\/www.crazytime.at\/index.php?rest_route=\/wp\/v2\/types\/page"}],"author":[{"embeddable":true,"href":"https:\/\/www.crazytime.at\/index.php?rest_route=\/wp\/v2\/users\/3"}],"replies":[{"embeddable":true,"href":"https:\/\/www.crazytime.at\/index.php?rest_route=%2Fwp%2Fv2%2Fcomments&post=391"}],"version-history":[{"count":5,"href":"https:\/\/www.crazytime.at\/index.php?rest_route=\/wp\/v2\/pages\/391\/revisions"}],"predecessor-version":[{"id":397,"href":"https:\/\/www.crazytime.at\/index.php?rest_route=\/wp\/v2\/pages\/391\/revisions\/397"}],"wp:attachment":[{"href":"https:\/\/www.crazytime.at\/index.php?rest_route=%2Fwp%2Fv2%2Fmedia&parent=391"}],"curies":[{"name":"wp","href":"https:\/\/api.w.org\/{rel}","templated":true}]}}